{"id":262,"date":"2016-07-31T02:26:05","date_gmt":"2016-07-31T05:26:05","guid":{"rendered":"https:\/\/consultoriosvidal.com.ar\/web\/?page_id=262"},"modified":"2018-06-26T16:07:18","modified_gmt":"2018-06-26T19:07:18","slug":"genetica-medica","status":"publish","type":"page","link":"https:\/\/consultoriosvidal.com.ar\/web\/?page_id=262","title":{"rendered":"GEN\u00c9TICA M\u00c9DICA"},"content":{"rendered":"<p><strong>Dra Alba, Liliana<\/strong><\/p>\n<p>Pedro Ignacio Rivera 2799<\/p>\n<p>4786-0202\/ 4785-8243\/113493-3557<\/p>\n<br \/>\n<p><span style=\"text-decoration: underline;\"><strong>Dra Masllorens, Francisca<\/strong><\/span><\/p>\n<p>-M.T.Alvear 2263 (Laboratorio MANLAB)<\/p>\n<p>4825-5255 \/ 4826-1465<\/p>\n<p>-Juan D. Per\u00f3n 1500 PILAR, (Hospital Universitario Austral)<\/p>\n<p>(0230) 4-482000<\/p>\n<p><span style=\"text-decoration: underline;\"><strong>Dra Obreg\u00f3n, Mar\u00eda Gabriela<\/strong><\/span><\/p>\n<p>Jos\u00e9 . E. Uriburu 1555\u00a0 1\u00b0 A<\/p>\n<p>4806-6740<\/p>\n<p><span style=\"text-decoration: underline;\"><strong>Dra Serafin, Eva Mar\u00eda<\/strong><\/span><\/p>\n<p>Av Pueyrred\u00f3n 1640 (Hospital Alem\u00e1n)<\/p>\n<p>4827-7000<\/p>\n<p><span style=\"text-decoration: underline;\"><strong>Dra Valdez, Rita\u00a0Mar\u00eda<\/strong><\/span><\/p>\n<p>Av Pueyrred\u00f3n 1640 (Hospital Alem\u00e1n)<\/p>\n<p>4827-7000<\/p>\n","protected":false},"excerpt":{"rendered":"<p>Dra Alba, Liliana Pedro Ignacio Rivera 2799 4786-0202\/ 4785-8243\/113493-3557 Dra Masllorens, Francisca -M.T.Alvear 2263 (Laboratorio MANLAB) 4825-5255 \/ 4826-1465 -Juan D. Per\u00f3n 1500 PILAR, (Hospital Universitario Austral) (0230) 4-482000 Dra Obreg\u00f3n, Mar\u00eda Gabriela Jos\u00e9 . E. Uriburu 1555\u00a0 1\u00b0 A 4806-6740 Dra Serafin, Eva Mar\u00eda Av Pueyrred\u00f3n 1640 (Hospital Alem\u00e1n) 4827-7000 Dra Valdez, Rita\u00a0Mar\u00eda Av&#8230;<\/p>\n","protected":false},"author":2,"featured_media":0,"parent":0,"menu_order":0,"comment_status":"closed","ping_status":"closed","template":"","meta":{"footnotes":""},"class_list":["post-262","page","type-page","status-publish","hentry"],"_links":{"self":[{"href":"https:\/\/consultoriosvidal.com.ar\/web\/index.php?rest_route=\/wp\/v2\/pages\/262","targetHints":{"allow":["GET"]}}],"collection":[{"href":"https:\/\/consultoriosvidal.com.ar\/web\/index.php?rest_route=\/wp\/v2\/pages"}],"about":[{"href":"https:\/\/consultoriosvidal.com.ar\/web\/index.php?rest_route=\/wp\/v2\/types\/page"}],"author":[{"embeddable":true,"href":"https:\/\/consultoriosvidal.com.ar\/web\/index.php?rest_route=\/wp\/v2\/users\/2"}],"replies":[{"embeddable":true,"href":"https:\/\/consultoriosvidal.com.ar\/web\/index.php?rest_route=%2Fwp%2Fv2%2Fcomments&post=262"}],"version-history":[{"count":5,"href":"https:\/\/consultoriosvidal.com.ar\/web\/index.php?rest_route=\/wp\/v2\/pages\/262\/revisions"}],"predecessor-version":[{"id":457,"href":"https:\/\/consultoriosvidal.com.ar\/web\/index.php?rest_route=\/wp\/v2\/pages\/262\/revisions\/457"}],"wp:attachment":[{"href":"https:\/\/consultoriosvidal.com.ar\/web\/index.php?rest_route=%2Fwp%2Fv2%2Fmedia&parent=262"}],"curies":[{"name":"wp","href":"https:\/\/api.w.org\/{rel}","templated":true}]}}