{"id":98,"date":"2016-07-04T16:43:29","date_gmt":"2016-07-04T19:43:29","guid":{"rendered":"https:\/\/consultoriosvidal.com.ar\/web\/?page_id=98"},"modified":"2016-07-25T10:47:11","modified_gmt":"2016-07-25T13:47:11","slug":"ropa-infantil","status":"publish","type":"page","link":"https:\/\/consultoriosvidal.com.ar\/web\/?page_id=98","title":{"rendered":"Ropa Infantil"},"content":{"rendered":"<h2><\/h2>\n<div class=\"all-columns\" style=\"width: 106.78%; height: 2922px;\">\n<div class=\"one-half first\" style=\"width: 50.62%; height: 1828px;\">\n<p><b>\u00a0<\/b><\/p>\n<p><a href=\"https:\/\/consultoriosvidal.com.ar\/web\/wp-content\/uploads\/2016\/07\/Baby-Cottons.jpg\"><img loading=\"lazy\" decoding=\"async\" class=\"wp-image-162 alignleft\" src=\"https:\/\/consultoriosvidal.com.ar\/web\/wp-content\/uploads\/2016\/07\/Baby-Cottons.jpg\" alt=\"Baby Cottons\" width=\"216\" height=\"53\" \/><\/a><\/p>\n<p><b><strong>Direcci\u00f3n: Cuba 1893<\/strong>,\u00a0Belgrano.<br \/>\n<strong>Tel\u00e9fono:<\/strong>\u00a04783-3818.<br \/>\n<strong>Web: <span style=\"text-decoration: underline;\"><a href=\"http:\/\/www.babycottons.com\/argentina\/\">www.babycottons.com\/argentina\/<\/a><\/span><\/strong><\/b><\/p>\n<p><a href=\"https:\/\/consultoriosvidal.com.ar\/web\/wp-content\/uploads\/2016\/07\/Baby-Piu.jpg\"><img loading=\"lazy\" decoding=\"async\" class=\"alignnone wp-image-190\" src=\"https:\/\/consultoriosvidal.com.ar\/web\/wp-content\/uploads\/2016\/07\/Baby-Piu-300x133.jpg\" alt=\"Baby Piu\" width=\"185\" height=\"82\" srcset=\"https:\/\/consultoriosvidal.com.ar\/web\/wp-content\/uploads\/2016\/07\/Baby-Piu-300x133.jpg 300w, https:\/\/consultoriosvidal.com.ar\/web\/wp-content\/uploads\/2016\/07\/Baby-Piu.jpg 529w\" sizes=\"auto, (max-width: 185px) 100vw, 185px\" \/><\/a><\/p>\n<p><b>Direcci\u00f3n: Cuba 2211,\u00a0Belgrano.<br \/>\n<\/b><strong>Tel\u00e9fono:<\/strong><b>\u00a04116-0584.<br \/>\n<\/b><strong>Web: No tiene<\/strong><\/p>\n<p><a href=\"https:\/\/consultoriosvidal.com.ar\/web\/wp-content\/uploads\/2016\/07\/Baby-Sol.jpg\"><img loading=\"lazy\" decoding=\"async\" class=\"alignnone wp-image-160\" src=\"https:\/\/consultoriosvidal.com.ar\/web\/wp-content\/uploads\/2016\/07\/Baby-Sol.jpg\" alt=\"Baby Sol\" width=\"187\" height=\"80\" \/><\/a><\/p>\n<p><b>Direcci\u00f3n: <\/b>Av. Monroe 2221, Belgrano.<br \/>\n<strong>Tel\u00e9fono:<\/strong> 4780-4241<br \/>\n<strong>Web:<span style=\"text-decoration: underline;\"><a href=\"http:\/\/www.babysolbuenosaires.com.ar\"> www.babysolbuenosaires.com.ar<\/a><\/span><\/strong><\/p>\n<p><a href=\"https:\/\/consultoriosvidal.com.ar\/web\/wp-content\/uploads\/2016\/07\/Cheeky.jpg\"><img loading=\"lazy\" decoding=\"async\" class=\"alignnone size-full wp-image-170\" src=\"https:\/\/consultoriosvidal.com.ar\/web\/wp-content\/uploads\/2016\/07\/Cheeky.jpg\" alt=\"Cheeky\" width=\"224\" height=\"53\" \/><\/a><\/p>\n<p><b>Direcci\u00f3n: <\/b>Av. Cabildo 915, Belgrano.<br \/>\n<strong>Tel\u00e9fono:<\/strong> 4781-4843<br \/>\n<strong>Web:<a href=\"http:\/\/www.cheeky.com.ar\"><u><span style=\"color: #0066cc;\"> www.cheeky.com.ar<\/span><\/u><\/a><\/strong><\/p>\n<p><a href=\"https:\/\/consultoriosvidal.com.ar\/web\/wp-content\/uploads\/2016\/07\/Childrens.jpg\"><img loading=\"lazy\" decoding=\"async\" class=\"alignnone size-full wp-image-188\" src=\"https:\/\/consultoriosvidal.com.ar\/web\/wp-content\/uploads\/2016\/07\/Childrens.jpg\" alt=\"Childrens\" width=\"269\" height=\"56\" \/><\/a><\/p>\n<p><b>Direcci\u00f3n: <\/b>Av. Cabildo 1986, Belgrano.<br \/>\n<strong>Tel\u00e9fono:<\/strong> 4781-9597<br \/>\n<strong>Web: <a href=\"http:\/\/www.childrens.com.ar\"><u><span style=\"color: #0066cc;\">www.childrens.com.ar<\/span><\/u><\/a><\/strong><\/p>\n<p><a href=\"https:\/\/consultoriosvidal.com.ar\/web\/wp-content\/uploads\/2016\/07\/Clown.jpg\"><img loading=\"lazy\" decoding=\"async\" class=\"alignnone wp-image-192\" src=\"https:\/\/consultoriosvidal.com.ar\/web\/wp-content\/uploads\/2016\/07\/Clown.jpg\" alt=\"Clown\" width=\"183\" height=\"54\" \/><\/a><\/p>\n<p><b>Direcci\u00f3n: Ciudad de la Paz 1704<\/b>, Belgrano.<br \/>\n<strong>Tel\u00e9fono:<\/strong> 4786-8331<br \/>\n<strong>Web: <a href=\"http:\/\/www.clownbaby.com.ar\"><span style=\"text-decoration: underline;\">www.clownbaby.com.ar<\/span><\/a><\/strong><\/p>\n<p><a href=\"https:\/\/consultoriosvidal.com.ar\/web\/wp-content\/uploads\/2016\/07\/Creciendo.jpg\"><img loading=\"lazy\" decoding=\"async\" class=\"alignnone wp-image-179\" src=\"https:\/\/consultoriosvidal.com.ar\/web\/wp-content\/uploads\/2016\/07\/Creciendo.jpg\" alt=\"Creciendo\" width=\"181\" height=\"83\" \/><\/a><\/p>\n<p><b>Direcci\u00f3n: <\/b>Av. Cabildo 1701, Belgrano.<br \/>\n<strong>Tel\u00e9fono:<\/strong> 4784-2020<br \/>\n<strong>Web: <a href=\"http:\/\/www.creciendo.com\"><u><span style=\"color: #0066cc;\">www.creciendo.com<\/span><\/u><\/a><\/strong><\/p>\n<p><a href=\"https:\/\/consultoriosvidal.com.ar\/web\/wp-content\/uploads\/2016\/07\/Gepetto-1.jpg\"><img loading=\"lazy\" decoding=\"async\" class=\"alignnone wp-image-176\" src=\"https:\/\/consultoriosvidal.com.ar\/web\/wp-content\/uploads\/2016\/07\/Gepetto-1.jpg\" alt=\"Gepetto\" width=\"187\" height=\"60\" \/><\/a><\/p>\n<p><strong>Direcci\u00f3n:<\/strong> Elcano 3134, Belgrano.<br \/>\n<strong>Tel\u00e9fono:\u00a04554-7923<\/strong><br \/>\n<strong>Web: <a href=\"http:\/\/www.gepetto.com.ar\"><span style=\"text-decoration: underline;\">www.gepetto.com.ar<\/span><\/a><\/strong><\/p>\n<p><a href=\"https:\/\/consultoriosvidal.com.ar\/web\/wp-content\/uploads\/2016\/07\/Grisino.jpg\"><img loading=\"lazy\" decoding=\"async\" class=\"alignnone wp-image-163\" src=\"https:\/\/consultoriosvidal.com.ar\/web\/wp-content\/uploads\/2016\/07\/Grisino.jpg\" alt=\"Grisino\" width=\"183\" height=\"63\" \/><\/a><\/p>\n<p><strong>Direcci\u00f3n: Cabildo\u00a01920<\/strong>, Belgrano.<br \/>\n<strong>Tel\u00e9fono: <\/strong>4787-6951 y 4548-5013<br \/>\n<strong>Web: <\/strong><a href=\"http:\/\/www.grisino.com\"><span style=\"text-decoration: underline;\">www.grisino.com<\/span><\/a><\/p>\n<p><a href=\"https:\/\/consultoriosvidal.com.ar\/web\/wp-content\/uploads\/2016\/07\/Kiwino.jpg\"><img loading=\"lazy\" decoding=\"async\" class=\"alignnone size-full wp-image-172\" src=\"https:\/\/consultoriosvidal.com.ar\/web\/wp-content\/uploads\/2016\/07\/Kiwino.jpg\" alt=\"Kiwino\" width=\"200\" height=\"104\" \/><\/a><\/p>\n<p><b>Direcci\u00f3n: Olaz\u00e1bal 2409<\/b>, Belgrano.<br \/>\n<strong>Tel\u00e9fono: <\/strong>4782-7025<br \/>\n<strong>Web: <a href=\"http:\/\/www.kiwinokids.com.ar\"><span style=\"text-decoration: underline;\">www.kiwinokids.com.ar<\/span><\/a><\/strong><\/p>\n<br \/>\n<\/div>\n<br \/>\n<div class=\"one-half first\">\n<p><a href=\"https:\/\/consultoriosvidal.com.ar\/web\/wp-content\/uploads\/2016\/07\/Magdalena-Esposito.jpg\"><img loading=\"lazy\" decoding=\"async\" class=\"alignnone wp-image-171\" src=\"https:\/\/consultoriosvidal.com.ar\/web\/wp-content\/uploads\/2016\/07\/Magdalena-Esposito.jpg\" alt=\"Magdalena Esposito\" width=\"189\" height=\"88\" \/><\/a><\/p>\n<p><strong>Direcci\u00f3n:<\/strong> Sucre 2322, Belgrano.<br \/>\n<strong>Tel\u00e9fono:<\/strong> 4782-1337.<br \/>\n<strong>Web: <span style=\"text-decoration: underline;\"><a href=\"http:\/\/www.magdalenaesposito.com.ar\">www.magdalenaesposito.com.ar<\/a><\/span><\/strong><\/p>\n<p><a href=\"https:\/\/consultoriosvidal.com.ar\/web\/wp-content\/uploads\/2016\/07\/Puerto-Pollito.jpg\"><img loading=\"lazy\" decoding=\"async\" class=\"alignnone wp-image-161\" src=\"https:\/\/consultoriosvidal.com.ar\/web\/wp-content\/uploads\/2016\/07\/Puerto-Pollito-300x86.jpg\" alt=\"Puerto Pollito\" width=\"188\" height=\"54\" srcset=\"https:\/\/consultoriosvidal.com.ar\/web\/wp-content\/uploads\/2016\/07\/Puerto-Pollito-300x86.jpg 300w, https:\/\/consultoriosvidal.com.ar\/web\/wp-content\/uploads\/2016\/07\/Puerto-Pollito-440x127.jpg 440w, https:\/\/consultoriosvidal.com.ar\/web\/wp-content\/uploads\/2016\/07\/Puerto-Pollito.jpg 441w\" sizes=\"auto, (max-width: 188px) 100vw, 188px\" \/><\/a><\/p>\n<p><strong>Direcci\u00f3n:<\/strong> Ciudad de la Paz 1972, Belgrano.<br \/>\n<strong>Tel\u00e9fono: <\/strong>4782-5559<br \/>\n<strong>Web: <span style=\"text-decoration: underline;\"><a href=\"http:\/\/www.puertopollito.com\"><span style=\"color: #0066cc;\">www.puertopollito.com<\/span><\/a><\/span><\/strong><\/p>\n<p><a href=\"https:\/\/consultoriosvidal.com.ar\/web\/wp-content\/uploads\/2016\/07\/Planeta-Bebe.jpg\"><img loading=\"lazy\" decoding=\"async\" class=\"alignnone wp-image-148\" src=\"https:\/\/consultoriosvidal.com.ar\/web\/wp-content\/uploads\/2016\/07\/Planeta-Bebe-300x138.jpg\" alt=\"Planeta Bebe\" width=\"193\" height=\"89\" srcset=\"https:\/\/consultoriosvidal.com.ar\/web\/wp-content\/uploads\/2016\/07\/Planeta-Bebe-300x138.jpg 300w, https:\/\/consultoriosvidal.com.ar\/web\/wp-content\/uploads\/2016\/07\/Planeta-Bebe.jpg 318w\" sizes=\"auto, (max-width: 193px) 100vw, 193px\" \/><\/a><\/p>\n<p style=\"text-align: left;\"><strong>Direcci\u00f3n:<\/strong>\u00a0Av. Cabildo 2555, Belgrano.<br \/>\n<strong>Tel\u00e9fono:<\/strong> 4788-6429.<br \/>\n<strong>Web:\u00a0<\/strong><a href=\"http:\/\/www.planetabb.com.ar\/\" target=\"_blank\"><u><span style=\"color: #0066cc;\">www.planetabb.com.ar\/<\/span><\/u><\/a><\/p>\n<p style=\"text-align: left;\"><a href=\"https:\/\/consultoriosvidal.com.ar\/web\/wp-content\/uploads\/2016\/07\/Tienda-Pepino-1.jpg\"><span style=\"color: #0066cc;\"><img loading=\"lazy\" decoding=\"async\" class=\"alignnone wp-image-150\" src=\"https:\/\/consultoriosvidal.com.ar\/web\/wp-content\/uploads\/2016\/07\/Tienda-Pepino-1-300x117.jpg\" alt=\"Tienda Pepino\" width=\"179\" height=\"70\" srcset=\"https:\/\/consultoriosvidal.com.ar\/web\/wp-content\/uploads\/2016\/07\/Tienda-Pepino-1-300x117.jpg 300w, https:\/\/consultoriosvidal.com.ar\/web\/wp-content\/uploads\/2016\/07\/Tienda-Pepino-1.jpg 317w\" sizes=\"auto, (max-width: 179px) 100vw, 179px\" \/><\/span><\/a><\/p>\n<p style=\"text-align: left;\"><b>Direcci\u00f3n:<\/b> Av. Cabildo 2450 (Galer\u00eda Acapulco L. 17), Belgrano.<br \/>\n<strong>Tel\u00e9fono: <\/strong>4706-3636<br \/>\n<strong>Web: <\/strong><a href=\"http:\/\/www.jugueteriapepino.com.ar\/\" target=\"_blank\"><u><span style=\"color: #0066cc;\">www.jugueteriapepino.com.ar<\/span><\/u><\/a><\/p>\n<p style=\"text-align: left;\"><a href=\"https:\/\/consultoriosvidal.com.ar\/web\/wp-content\/uploads\/2016\/07\/Titanes-Princesas.jpg\"><span style=\"color: #0066cc;\"><img loading=\"lazy\" decoding=\"async\" class=\"alignnone size-full wp-image-151\" src=\"https:\/\/consultoriosvidal.com.ar\/web\/wp-content\/uploads\/2016\/07\/Titanes-Princesas.jpg\" alt=\"Titanes &amp; Princesas\" width=\"121\" height=\"70\" \/><\/span><\/a><\/p>\n<p style=\"text-align: left;\"><b>Direcci\u00f3n: <\/b>Av. Cabildo 2350, Belgrano. Local 55 y 56.<br \/>\n<strong>Tel\u00e9fono: <\/strong>4784-9514<br \/>\n<strong>Web:<\/strong><a href=\"http:\/\/www.titanesyprincesas.com.ar\/\" target=\"_blank\"><u><span style=\"color: #0066cc;\">www.titanesyprincesas.com.ar<\/span><\/u><\/a><\/p>\n<p style=\"text-align: left;\"><span style=\"text-decoration: underline;\">\u00a0<\/span><\/p>\n<p style=\"text-align: left;\">+<\/p>\n<p style=\"text-align: left;\"><b>\u00a0<\/b><\/p>\n<\/div>\n<div class=\"one-half\"><\/div>\n<\/div>\n<div class=\"entryContent\"><\/div>\n","protected":false},"excerpt":{"rendered":"<p>\u00a0 Direcci\u00f3n: Cuba 1893,\u00a0Belgrano. Tel\u00e9fono:\u00a04783-3818. Web: www.babycottons.com\/argentina\/ Direcci\u00f3n: Cuba 2211,\u00a0Belgrano. Tel\u00e9fono:\u00a04116-0584. Web: No tiene Direcci\u00f3n: Av. Monroe 2221, Belgrano. Tel\u00e9fono: 4780-4241 Web: www.babysolbuenosaires.com.ar Direcci\u00f3n: Av. Cabildo 915, Belgrano. Tel\u00e9fono: 4781-4843 Web: www.cheeky.com.ar Direcci\u00f3n: Av. Cabildo 1986, Belgrano. Tel\u00e9fono: 4781-9597 Web: www.childrens.com.ar Direcci\u00f3n: Ciudad de la Paz 1704, Belgrano. Tel\u00e9fono: 4786-8331 Web: www.clownbaby.com.ar Direcci\u00f3n: Av. Cabildo&#8230;<\/p>\n","protected":false},"author":2,"featured_media":0,"parent":0,"menu_order":0,"comment_status":"closed","ping_status":"closed","template":"","meta":{"footnotes":""},"class_list":["post-98","page","type-page","status-publish","hentry"],"_links":{"self":[{"href":"https:\/\/consultoriosvidal.com.ar\/web\/index.php?rest_route=\/wp\/v2\/pages\/98","targetHints":{"allow":["GET"]}}],"collection":[{"href":"https:\/\/consultoriosvidal.com.ar\/web\/index.php?rest_route=\/wp\/v2\/pages"}],"about":[{"href":"https:\/\/consultoriosvidal.com.ar\/web\/index.php?rest_route=\/wp\/v2\/types\/page"}],"author":[{"embeddable":true,"href":"https:\/\/consultoriosvidal.com.ar\/web\/index.php?rest_route=\/wp\/v2\/users\/2"}],"replies":[{"embeddable":true,"href":"https:\/\/consultoriosvidal.com.ar\/web\/index.php?rest_route=%2Fwp%2Fv2%2Fcomments&post=98"}],"version-history":[{"count":14,"href":"https:\/\/consultoriosvidal.com.ar\/web\/index.php?rest_route=\/wp\/v2\/pages\/98\/revisions"}],"predecessor-version":[{"id":229,"href":"https:\/\/consultoriosvidal.com.ar\/web\/index.php?rest_route=\/wp\/v2\/pages\/98\/revisions\/229"}],"wp:attachment":[{"href":"https:\/\/consultoriosvidal.com.ar\/web\/index.php?rest_route=%2Fwp%2Fv2%2Fmedia&parent=98"}],"curies":[{"name":"wp","href":"https:\/\/api.w.org\/{rel}","templated":true}]}}